{"id":1065,"date":"2021-06-04T12:43:07","date_gmt":"2021-06-04T12:43:07","guid":{"rendered":"https:\/\/musco.ca\/tous-les-projets\/"},"modified":"2023-11-23T14:50:41","modified_gmt":"2023-11-23T18:50:41","slug":"all-projects","status":"publish","type":"page","link":"https:\/\/musco.ca\/en\/all-projects\/","title":{"rendered":"All projects"},"content":{"rendered":"\n<p>Les projets issus de MUSCO visent divers objectifs et auront diff\u00e9rents impacts. Ils se regroupent en <strong><span class=\"has-inline-color has-carnation-color\">cinq grandes cat\u00e9gories d\u2019intervention<\/span><\/strong> : l\u2019accompagnement des familles, le renforcement du pouvoir d\u2019implication des familles, l\u2019am\u00e9lioration des soins et services sur le plan chirurgical et le plan de la recherche clinique, puis finalement, l&#8217;am\u00e9nagement et l\u2019\u00e9quipement au sein des \u00e9tablissements.\u00a0<\/p>\n\n<p>Chacun des projets renferme des objectifs qui lui sont propres, mais l\u2019ensemble des projets vise \u00e0 atteindre des objectifs transversaux d\u00e9crits dans le <a href=\"https:\/\/musco.ca\/a-propos\/plan-strategique-musco\/\">Plan strat\u00e9gique<\/a> de l\u2019Initiative.\u00a0<\/p>\n\n<p>Plus d\u2019une vingtaine de projets se d\u00e9veloppent au sein de MUSCO depuis son lancement. La nature de chacun varie, allant de l&#8217;organisation d&#8217;un \u00e9v\u00e9nement, au recrutement de ressources humaines, \u00e0 l&#8217;acquisition d&#8217;\u00e9quipements, en passant par la mise en place de nouveaux protocoles. Certains sont d\u00e9j\u00e0 bien avanc\u00e9s dans leur mise en \u0153uvre et d\u2019autres sont en construction. <\/p>\n\n<h2><strong>D\u00e9couvrez chacun d\u2019eux<\/strong>.<\/h2>\n","protected":false},"excerpt":{"rendered":"<p>Les projets issus de MUSCO visent divers objectifs et auront diff\u00e9rents impacts. Ils se regroupent en cinq grandes cat\u00e9gories d\u2019intervention : l\u2019accompagnement des familles, le renforcement du pouvoir d\u2019implication des familles, l\u2019am\u00e9lioration des soins et services sur le plan chirurgical et le plan de la recherche clinique, puis finalement, l&#8217;am\u00e9nagement et l\u2019\u00e9quipement au sein des &hellip; <a href=\"https:\/\/musco.ca\/en\/all-projects\/\">Continued<\/a><\/p>\n","protected":false},"author":1,"featured_media":0,"parent":0,"menu_order":0,"comment_status":"closed","ping_status":"closed","template":"template-project.php","meta":{"_relevanssi_hide_post":"","_relevanssi_hide_content":"","_relevanssi_pin_for_all":"","_relevanssi_pin_keywords":"","_relevanssi_unpin_keywords":"","_relevanssi_related_keywords":"","_relevanssi_related_include_ids":"","_relevanssi_related_exclude_ids":"","_relevanssi_related_no_append":"","_relevanssi_related_not_related":"","_relevanssi_related_posts":"1","_relevanssi_noindex_reason":""},"_links":{"self":[{"href":"https:\/\/musco.ca\/en\/wp-json\/wp\/v2\/pages\/1065"}],"collection":[{"href":"https:\/\/musco.ca\/en\/wp-json\/wp\/v2\/pages"}],"about":[{"href":"https:\/\/musco.ca\/en\/wp-json\/wp\/v2\/types\/page"}],"author":[{"embeddable":true,"href":"https:\/\/musco.ca\/en\/wp-json\/wp\/v2\/users\/1"}],"replies":[{"embeddable":true,"href":"https:\/\/musco.ca\/en\/wp-json\/wp\/v2\/comments?post=1065"}],"version-history":[{"count":4,"href":"https:\/\/musco.ca\/en\/wp-json\/wp\/v2\/pages\/1065\/revisions"}],"predecessor-version":[{"id":3254,"href":"https:\/\/musco.ca\/en\/wp-json\/wp\/v2\/pages\/1065\/revisions\/3254"}],"wp:attachment":[{"href":"https:\/\/musco.ca\/en\/wp-json\/wp\/v2\/media?parent=1065"}],"curies":[{"name":"wp","href":"https:\/\/api.w.org\/{rel}","templated":true}]}}