{"id":3350,"date":"2023-12-14T16:05:11","date_gmt":"2023-12-14T20:05:11","guid":{"rendered":"https:\/\/musco.ca\/?page_id=3350"},"modified":"2023-12-14T16:05:15","modified_gmt":"2023-12-14T20:05:15","slug":"infolettre-decembre-2023","status":"publish","type":"page","link":"https:\/\/musco.ca\/en\/infolettre-decembre-2023\/","title":{"rendered":"Infolettre d\u00e9cembre 2023"},"content":{"rendered":"<div class=\"block-background \" \n style=&quot;background-color:#E9F6FF;&quot; >\n    <span class=\"block-background__label\">Content with Musco background<\/span>\n    \n  \n    \n\n<h2><strong>Cinq ans de projets majeurs au CHU Sainte-Justine<\/strong><\/h2>\n\n\n\n<p>l\u2019innovation et la technologie de pointe au service des patient(e)s et leur mieux-\u00eatre<\/p>\n\n\n<div class=\"wp-block-image\">\n<figure class=\"alignright size-full is-resized\"><img loading=\"lazy\" src=\"https:\/\/musco.ca\/wp-content\/uploads\/2022\/10\/CHUSJ-1.png\" alt=\"\" class=\"wp-image-2431\" width=\"146\" height=\"20\" srcset=\"https:\/\/musco.ca\/wp-content\/uploads\/2022\/10\/CHUSJ-1.png 659w, https:\/\/musco.ca\/wp-content\/uploads\/2022\/10\/CHUSJ-1-300x41.png 300w\" sizes=\"(max-width: 146px) 100vw, 146px\" \/><\/figure><\/div>\n\n<\/div>\n\n                    \n\n\n\n<p>Le CHU Sainte-Justine compte un large \u00e9ventail de projets majeurs d\u00e9velopp\u00e9s au sein de son \u00e9tablissement dans le cadre de MUSCO. Chacun d\u2019eux a un objectif bien sp\u00e9cifique, mais une m\u00eame volont\u00e9 les rassemble :<\/p>\n\n\n\n<div class=\"wp-block-media-text alignwide is-stacked-on-mobile\" style=\"grid-template-columns:43% auto\"><figure class=\"wp-block-media-text__media\"><img loading=\"lazy\" width=\"1024\" height=\"706\" src=\"https:\/\/musco.ca\/wp-content\/uploads\/2023\/12\/Projet-5_Credit-CHU-Sainte-Justine-1024x706.jpg\" alt=\"\" class=\"wp-image-3353 size-full\" srcset=\"https:\/\/musco.ca\/wp-content\/uploads\/2023\/12\/Projet-5_Credit-CHU-Sainte-Justine-1024x706.jpg 1024w, https:\/\/musco.ca\/wp-content\/uploads\/2023\/12\/Projet-5_Credit-CHU-Sainte-Justine-300x207.jpg 300w, https:\/\/musco.ca\/wp-content\/uploads\/2023\/12\/Projet-5_Credit-CHU-Sainte-Justine-768x529.jpg 768w, https:\/\/musco.ca\/wp-content\/uploads\/2023\/12\/Projet-5_Credit-CHU-Sainte-Justine-1536x1058.jpg 1536w, https:\/\/musco.ca\/wp-content\/uploads\/2023\/12\/Projet-5_Credit-CHU-Sainte-Justine.jpg 1920w\" sizes=\"(max-width: 1024px) 100vw, 1024px\" \/><\/figure><div class=\"wp-block-media-text__content\">\n<p>celle d\u2019am\u00e9liorer la trajectoire et la qualit\u00e9 de vie des patient(e)s. Certains de ces projets sont sortis du portefeuille de l\u2019Initiative en juin 2023, mais d\u2019autres ont \u00e9t\u00e9 autoris\u00e9s par le Comit\u00e9 ex\u00e9cutif \u00e0 continuer au cours des prochains mois, voire jusqu\u2019au terme de l\u2019Initiative, laissant ainsi aux \u00e9quipes le temps de finaliser les derni\u00e8res avanc\u00e9es. <\/p>\n\n\n\n<p>C\u2019est une expertise de pointe que requi\u00e8rent certains projets, ce qui peut \u00eatre tout un d\u00e9fi \u00e9tant donn\u00e9 la p\u00e9nurie de main-d\u2019\u0153uvre et les difficult\u00e9s de recrutement qui perdurent. Si les projets majeurs du CHU Sainte-Justine ont pu continuer de se d\u00e9velopper malgr\u00e9 ce contexte, et ce, sous le signe notamment de l\u2019innovation et du maillage entre recherche et clinique, c\u2019est en grande partie gr\u00e2ce \u00e0 l\u2019expertise et \u00e0 l\u2019esprit de collaboration des \u00e9quipes sur place.\u00a0<\/p>\n\n\n\n<p><\/p>\n<\/div><\/div>\n\n\n\n<p><strong><mark style=\"background-color:rgba(0, 0, 0, 0)\" class=\"has-inline-color has-picton-blue-color\">Am\u00e9liorer la prise en charge des familles<\/mark><\/strong><\/p>\n\n\n\n<p>Parmi les projets majeurs MUSCO d\u00e9velopp\u00e9s au CHU Sainte-Justine, certains visent \u00e0 rendre plus accessible la transmission d\u2019informations \u00e0 distance de la part des familles via le d\u00e9veloppement d\u2019outils num\u00e9riques. C\u2019est le cas du projet <em>Application AMIKO<\/em> qui<em> <\/em>est consid\u00e9r\u00e9 comme un v\u00e9ritable projet pilote au sein de l\u2019\u00e9tablissement et qui pourrait \u00eatre transpos\u00e9 dans d\u2019autres services voire d\u2019autres centres. D\u00e9velopp\u00e9 en collaboration avec les membres de l\u2019\u00e9quipe clinique du service d\u2019orthop\u00e9die et le service des technologies de l\u2019information, ce projet innovant vise \u00e0 faciliter la compl\u00e9tion des formulaires de qualit\u00e9 de vie par les familles.&nbsp;<\/p>\n\n\n\n<div class=\"wp-block-media-text alignwide has-media-on-the-right is-stacked-on-mobile\" style=\"grid-template-columns:auto 40%\"><figure class=\"wp-block-media-text__media\"><img loading=\"lazy\" width=\"1024\" height=\"979\" src=\"https:\/\/musco.ca\/wp-content\/uploads\/2023\/12\/Amiko-catalogue-2-1024x979.jpg\" alt=\"\" class=\"wp-image-3355 size-full\" srcset=\"https:\/\/musco.ca\/wp-content\/uploads\/2023\/12\/Amiko-catalogue-2-1024x979.jpg 1024w, https:\/\/musco.ca\/wp-content\/uploads\/2023\/12\/Amiko-catalogue-2-300x287.jpg 300w, https:\/\/musco.ca\/wp-content\/uploads\/2023\/12\/Amiko-catalogue-2-768x734.jpg 768w, https:\/\/musco.ca\/wp-content\/uploads\/2023\/12\/Amiko-catalogue-2.jpg 1531w\" sizes=\"(max-width: 1024px) 100vw, 1024px\" \/><\/figure><div class=\"wp-block-media-text__content\">\n<p>Depuis sa mise en production en septembre 2020, les familles peuvent ainsi transmettre ces informations num\u00e9riquement et les remplir au moment qui leur convient le mieux et en amont de leur rendez-vous avec les professionnel(le). Elles peuvent prendre le temps de formuler leur r\u00e9ponse ad\u00e9quatement, ce qui renseigne les professionnel(le)s de mani\u00e8re plus efficace et permet au personnel soignant d\u2019avoir une meilleure compr\u00e9hension de l\u2019\u00e9volution de la condition du patient et d\u2019apporter des r\u00e9ponses th\u00e9rapeutiques plus adapt\u00e9es. Sur la derni\u00e8re ann\u00e9e, de juillet 2022 \u00e0 juillet 2023, ce sont pr\u00e8s de 3 000 patient(e)s qui ont compl\u00e9t\u00e9 les questionnaires via l\u2019application AMIKO. Ces informations sont d\u00e9pos\u00e9es directement dans le dossier clinique du patient suite \u00e0 la compl\u00e9tion des questionnaires.<\/p>\n\n\n\n<p>La plateforme AMIKO a d\u2019ailleurs \u00e9t\u00e9 nomin\u00e9e au Gala Reconnaissance du CHU Sainte-Justine en 2022, une touchante marque de gratitude \u00e0 l\u2019attention des \u00e9quipes et de valorisation de l\u2019impact de la collaboration et de l\u2019approche multidisciplinaire qui a \u00e9t\u00e9 au c\u0153ur des d\u00e9marches men\u00e9es au sein de ce groupe de travail.<\/p>\n<\/div><\/div>\n\n\n\n<p><strong><mark style=\"background-color:rgba(0, 0, 0, 0)\" class=\"has-inline-color has-picton-blue-color\">Optimiser le recueil des donn\u00e9es au service des patient(e)s<\/mark><\/strong><\/p>\n\n\n\n<p>L\u2019objectif du projet <em>Base de donn\u00e9es orthop\u00e9dique <\/em>\u00e9tait de centraliser les donn\u00e9es des patient(e)s pour permettre un meilleur suivi et une meilleure prise en charge, tout en facilitant les projets de recherche pour contribuer \u00e0 renforcer cette prise en charge. En effet, les \u00e9quipes au sein du CHU Sainte-Justine b\u00e9n\u00e9ficiaient d\u2019une base de donn\u00e9es pour la scoliose depuis pr\u00e8s de 15 ans. L\u2019id\u00e9e \u00e9tait d\u2019\u00e9largir cette base sur le plan orthop\u00e9dique \u00e0 l\u2019aide de l\u2019implantation d\u2019un nouveau logiciel, Centro, pour permettre un recueil plus large des donn\u00e9es. Une base de donn\u00e9es \u00e9largie a ainsi vu le jour. En parall\u00e8le, des discussions ont \u00e9t\u00e9 initi\u00e9es entre entre le CHU Sainte-Justine et les H\u00f4pitaux pour enfants Shriners &#8211; Canada (Shriners), afin d\u2019explorer la possibilit\u00e9 d\u2019un arrimage entre leurs diff\u00e9rentes bases de donn\u00e9es, dans l\u2019optique d\u2019\u00e9largir encore le bassin observ\u00e9 et de renforcer l\u2019impact aupr\u00e8s des familles.\u00a0<\/p>\n\n\n\n<p>Les \u00e9quipes au sein des deux \u00e9tablissements se sont r\u00e9unies pour \u00e9changer sur leurs matrices respectives, leurs m\u00e9thodologies de r\u00e9colte et leurs protocoles cliniques. Le projet fait partie de ceux qui se sont termin\u00e9s au sein de l\u2019Initiative en juin 2023, et si les \u00e9changes pour d\u00e9velopper un projet de recherche-clinique commun favorisant l\u2019arrimage envisag\u00e9 n\u2019a pas pu aboutir, les discussions restent ouvertes pour explorer cette voie.<\/p>\n\n\n\n<p><strong><mark style=\"background-color:rgba(0, 0, 0, 0)\" class=\"has-inline-color has-picton-blue-color\">Allier clinique et recherche pour le mieux-\u00eatre des patient(e)s<\/mark><\/strong><\/p>\n\n\n\n<p>Au sein de l&#8217;unit\u00e9 de recherche rattach\u00e9e \u00e0 la clinique d\u2019orthop\u00e9die du CHU Sainte-Justine (URCO), les \u00e9quipes travaillent \u00e0 la fois en clinique aupr\u00e8s des patient(e)s et en recherche en orthop\u00e9die, ce qui fait la sp\u00e9cificit\u00e9 de cette unit\u00e9. Les assistantes de recherche assurent ainsi la collecte d\u2019informations pour avoir un plein portrait des conditions des patient(e)s fr\u00e9quentant la clinique et peuvent mesurer l\u2019impact des soins qui leur sont prodigu\u00e9s. Ultimement, le travail men\u00e9 par cette \u00e9quipe contribue \u00e0 am\u00e9liorer et \u00e0 d\u00e9velopper de nouveaux protocoles cliniques pour mieux r\u00e9pondre aux besoins des familles. Ces assistantes participent notamment activement au recrutement des familles pour des projets de recherche, collaborent aux protocoles \u00e0 d\u00e9velopper et participent ainsi \u00e0 l\u2019am\u00e9lioration de la trajectoire de soins.&nbsp;<\/p>\n\n\n\n<p>En parall\u00e8le, l\u2019\u00e9quipe a \u00e9galement \u00e9t\u00e9 impliqu\u00e9e dans le d\u00e9veloppement du projet <em>Application Amiko <\/em>sur les questionnaires de qualit\u00e9 de vie et du projet <em>Base de donn\u00e9es<\/em> pour b\u00e2tir une possible voie de collaboration avec le Shriners. L\u2019apport de MUSCO s\u2019est arr\u00eat\u00e9 cette ann\u00e9e pour soutenir les travaux entrepris par cette \u00e9quipe, mais les co\u00fbts de fonctionnement continueront d\u2019\u00eatre pris en charge et seront \u00e0 pr\u00e9sent assur\u00e9s par diff\u00e9rentes sources de financement, telles que l\u2019Institut TransMedTech ou encore des fonds de recherche. Sur la dur\u00e9e de l\u2019Initiative, l\u2019\u00e9quipe aura pu d\u00e9velopper plus de 40 projets orthop\u00e9diques, mettre en place plus de 20 nouveaux protocoles et implanter cinq nouveaux traitements\u2026des avanc\u00e9es rendues possibles gr\u00e2ce au d\u00e9vouement et au renforcement de l\u2019expertise des assistantes de recherche.\u00a0<\/p>\n\n\n\n<p>Un autre projet combinant les connaissances en recherche et en clinique est toujours en cours de d\u00e9veloppement : celui de recruter un clinicien-chercheur en mati\u00e8re d\u2019orthop\u00e9die. Ce projet visait initialement \u00e0 pouvoir assurer la rel\u00e8ve d\u2019un clinicien-chercheur en trouble du rachis \u00e0 l\u2019aube de son d\u00e9part \u00e0 la retraite. Ce sont des postes cl\u00e9 qui jouent un r\u00f4le fondamental en mati\u00e8re d\u2019innovation en sant\u00e9, gr\u00e2ce \u00e0 leurs activit\u00e9s int\u00e9gr\u00e9es : ils contribuent \u00e0 la fois \u00e0 la recherche et \u00e0 l\u2019application clinique des connaissances qui en sont issues. Cela permet d\u2019acc\u00e9l\u00e9rer le transfert en clinique des r\u00e9sultats de recherche vers les patient(e)s. Il s\u2019agissait de garantir le maintien de cette expertise via l\u2019existence et la nature de ce poste strat\u00e9gique, et ce, en collaboration avec le milieu universitaire. Cependant, des discussions sont en cours pour une possible r\u00e9orientation du projet &#8211; restez \u00e0 l\u2019aff\u00fbt de nos prochaines infolettres pour suivre l\u2019\u00e9volution de ce projet !<\/p>\n\n\n\n<p><strong><mark style=\"background-color:rgba(0, 0, 0, 0)\" class=\"has-inline-color has-picton-blue-color\">Des appareils d\u2019investigation pouss\u00e9s pour mieux diagnostiquer<\/mark><\/strong><\/p>\n\n\n\n<div class=\"wp-block-media-text alignwide is-stacked-on-mobile\"><figure class=\"wp-block-media-text__media\"><img loading=\"lazy\" width=\"1024\" height=\"768\" src=\"https:\/\/musco.ca\/wp-content\/uploads\/2023\/12\/Projet-16_Credit-Marie-Lyne-Nault-1024x768.jpeg\" alt=\"\" class=\"wp-image-3359 size-full\" srcset=\"https:\/\/musco.ca\/wp-content\/uploads\/2023\/12\/Projet-16_Credit-Marie-Lyne-Nault-1024x768.jpeg 1024w, https:\/\/musco.ca\/wp-content\/uploads\/2023\/12\/Projet-16_Credit-Marie-Lyne-Nault-300x225.jpeg 300w, https:\/\/musco.ca\/wp-content\/uploads\/2023\/12\/Projet-16_Credit-Marie-Lyne-Nault-768x576.jpeg 768w, https:\/\/musco.ca\/wp-content\/uploads\/2023\/12\/Projet-16_Credit-Marie-Lyne-Nault-1536x1152.jpeg 1536w, https:\/\/musco.ca\/wp-content\/uploads\/2023\/12\/Projet-16_Credit-Marie-Lyne-Nault.jpeg 1920w\" sizes=\"(max-width: 1024px) 100vw, 1024px\" \/><\/figure><div class=\"wp-block-media-text__content\">\n<p>Maximiser les expertises et les \u00e9quipements du CHU Sainte-Justine, voil\u00e0 l\u2019ambition exprim\u00e9e pour le projet <em>\u00c9valuation biom\u00e9canique<\/em> des membres inf\u00e9rieurs lorsqu\u2019il a \u00e9t\u00e9 propos\u00e9 au Comit\u00e9 ex\u00e9cutif en 2022. La volont\u00e9 \u00e9tait \u00e9galement de renforcer les liens entre le CHU Sainte-Justine et Marie Enfant pour cette approche. Les deux \u00e9tablissements d\u00e9tiennent des appareils de pointe et l\u2019objectif \u00e9tait de pouvoir exploiter conjointement et \u00e0 son plein potentiel un nouvel appareillage en genougraphie permettant de mesurer la biom\u00e9canique du genou sans irradiation et r\u00e9put\u00e9 comme \u00e9tant efficace chez les adultes et prometteur pour les jeunes patient(e)s. <\/p>\n\n\n\n<p>Il s\u2019agissait de permettre le recrutement d\u2019un technologue en r\u00e9adaptation, dont la prise de fonction a \u00e9t\u00e9 effective en janvier 2023, afin de proc\u00e9der aux examens cliniques \u00e0 partir de ce nouvel appareil et d\u2019exercer un leadership sur les projets de recherche.<\/p>\n<\/div><\/div>\n\n\n\n<p>Ce recrutement a d\u00e9j\u00e0 permis de proc\u00e9der \u00e0 plus de 75 examens et le projet sera maintenu jusqu\u2019au terme de l\u2019Initiative pour l\u2019usage complet du montant attribu\u00e9 au projet.<\/p>\n\n\n\n<p><strong><mark style=\"background-color:rgba(0, 0, 0, 0)\" class=\"has-inline-color has-picton-blue-color\">Plonger dans un environnement immersif pour mieux se pr\u00e9parer \u00e0 une chirurgie<\/mark><\/strong><\/p>\n\n\n\n<div class=\"wp-block-media-text alignwide has-media-on-the-right is-stacked-on-mobile\" style=\"grid-template-columns:auto 46%\"><figure class=\"wp-block-media-text__media\"><img loading=\"lazy\" width=\"999\" height=\"830\" src=\"https:\/\/musco.ca\/wp-content\/uploads\/2023\/12\/Projet-19_Credit-CHU-Sainte-Justine.png\" alt=\"\" class=\"wp-image-3365 size-full\" srcset=\"https:\/\/musco.ca\/wp-content\/uploads\/2023\/12\/Projet-19_Credit-CHU-Sainte-Justine.png 999w, https:\/\/musco.ca\/wp-content\/uploads\/2023\/12\/Projet-19_Credit-CHU-Sainte-Justine-300x249.png 300w, https:\/\/musco.ca\/wp-content\/uploads\/2023\/12\/Projet-19_Credit-CHU-Sainte-Justine-768x638.png 768w\" sizes=\"(max-width: 999px) 100vw, 999px\" \/><\/figure><div class=\"wp-block-media-text__content\">\n<p>Outre le recrutement de ressources, l\u2019Initiative a \u00e9galement permis de mener un certain nombre d\u2019am\u00e9nagements pour moderniser la clinique d\u2019orthop\u00e9die et accueillir les patient(e)s dans les meilleures conditions. Plusieurs travaux ont \u00e9t\u00e9 finalis\u00e9s, mais il reste encore un espace qui sera \u00e0 d\u00e9velopper d\u2019ici le terme de MUSCO. Il s\u2019agit d\u2019un projet r\u00e9cemment propos\u00e9 qui viserait \u00e0 am\u00e9nager un environnement multimodal, ludique et immersif au sein de la clinique pour offrir aux patient(e)s la possibilit\u00e9 de mieux se pr\u00e9parer \u00e0 l\u2019approche d\u2019une chirurgie. <\/p>\n\n\n\n<p>Une collaboration avec certaines \u00e9quipes du Technop\u00f4le pourrait permettre de faire b\u00e9n\u00e9ficier le projet de l\u2019expertise de certain(e)s professionnel(le)s poss\u00e9dant une exp\u00e9rience en mati\u00e8re de r\u00e9alit\u00e9 virtuelle. L\u2019installation permettrait aux patient(e)s de se projeter dans diff\u00e9rentes situations et diff\u00e9rents espaces pour qu\u2019ils puissent vivre \u00e0 l\u2019avance les diff\u00e9rentes \u00e9tapes de leur chirurgie \u00e0 venir. Ce projet vise \u00e0 diminuer le stress des patient(e)s et par l\u00e0 m\u00eame les risques et le taux de complication et la dur\u00e9e de s\u00e9jour \u00e0 l\u2019h\u00f4pital. Afin de mener \u00e0 bien ce projet, de s\u2019ajuster \u00e0 l\u2019\u00e9volution rapide des technologies et d\u2019obtenir les \u00e9quipements aux meilleurs co\u00fbts, une prolongation a \u00e9t\u00e9 octroy\u00e9e sur les prochains mois.<\/p>\n<\/div><\/div>\n\n\n\n<p><mark style=\"background-color:rgba(0, 0, 0, 0)\" class=\"has-inline-color has-picton-blue-color\"><strong>Et pour l\u2019avenir ?<\/strong>\u00a0<\/mark><\/p>\n\n\n\n<p>Somme toute, les cinq ans de projets majeurs au CHU Sainte-Justine auront vu se d\u00e9velopper bon nombre d\u2019avanc\u00e9es, et ce, \u00e0 plusieurs niveaux : tant en mati\u00e8re de renforcement de l\u2019expertise, d&#8217;acquisition d\u2019\u00e9quipements de pointe ou encore de mise en \u0153uvre de nouveaux outils ou de nouveaux protocoles. Ces avanc\u00e9es n\u2019auraient pu voir le jour sans l\u2019expertise et la force de la collaboration port\u00e9e par des \u00e9quipes qui, sur le terrain, auront su partager leurs connaissances et voir plus grand pour le b\u00e9n\u00e9fice des patient(e)s.&nbsp;<\/p>\n\n\n\n<p><mark style=\"background-color:rgba(0, 0, 0, 0)\" class=\"has-inline-color has-picton-blue-color\">Il y a fort \u00e0 parier que l\u2019engagement des \u00e9quipes permettra de propulser encore davantage les projets \u00e0 l\u2019avenir, que ce soit jusqu\u2019\u00e0 leur compl\u00e9tion au sein de l\u2019Initiative ou durant leur continuation avec le CHU Sainte-Justine.<\/mark><\/p>\n\n\n\n<p><em>Cr\u00e9dits photo : CHU Sainte-Justine et Marie-Lyne Nault<\/em><\/p>\n\n\n\n<p>\u00a0<\/p>\n","protected":false},"excerpt":{"rendered":"<p>Le CHU Sainte-Justine compte un large \u00e9ventail de projets majeurs d\u00e9velopp\u00e9s au sein de son \u00e9tablissement dans le cadre de MUSCO. Chacun d\u2019eux a un objectif bien sp\u00e9cifique, mais une m\u00eame volont\u00e9 les rassemble : celle d\u2019am\u00e9liorer la trajectoire et la qualit\u00e9 de vie des patient(e)s. Certains de ces projets sont sortis du portefeuille de &hellip; <a href=\"https:\/\/musco.ca\/en\/infolettre-decembre-2023\/\">Continued<\/a><\/p>\n","protected":false},"author":4,"featured_media":0,"parent":0,"menu_order":0,"comment_status":"closed","ping_status":"closed","template":"","meta":{"_relevanssi_hide_post":"","_relevanssi_hide_content":"","_relevanssi_pin_for_all":"","_relevanssi_pin_keywords":"","_relevanssi_unpin_keywords":"","_relevanssi_related_keywords":"","_relevanssi_related_include_ids":"","_relevanssi_related_exclude_ids":"","_relevanssi_related_no_append":"","_relevanssi_related_not_related":"","_relevanssi_related_posts":"","_relevanssi_noindex_reason":""},"_links":{"self":[{"href":"https:\/\/musco.ca\/en\/wp-json\/wp\/v2\/pages\/3350"}],"collection":[{"href":"https:\/\/musco.ca\/en\/wp-json\/wp\/v2\/pages"}],"about":[{"href":"https:\/\/musco.ca\/en\/wp-json\/wp\/v2\/types\/page"}],"author":[{"embeddable":true,"href":"https:\/\/musco.ca\/en\/wp-json\/wp\/v2\/users\/4"}],"replies":[{"embeddable":true,"href":"https:\/\/musco.ca\/en\/wp-json\/wp\/v2\/comments?post=3350"}],"version-history":[{"count":9,"href":"https:\/\/musco.ca\/en\/wp-json\/wp\/v2\/pages\/3350\/revisions"}],"predecessor-version":[{"id":3381,"href":"https:\/\/musco.ca\/en\/wp-json\/wp\/v2\/pages\/3350\/revisions\/3381"}],"wp:attachment":[{"href":"https:\/\/musco.ca\/en\/wp-json\/wp\/v2\/media?parent=3350"}],"curies":[{"name":"wp","href":"https:\/\/api.w.org\/{rel}","templated":true}]}}