{"id":4113,"date":"2024-09-20T16:11:52","date_gmt":"2024-09-20T20:11:52","guid":{"rendered":"https:\/\/musco.ca\/?page_id=4113"},"modified":"2024-09-27T11:44:28","modified_gmt":"2024-09-27T15:44:28","slug":"infolettre-septembre-2024-evenement-annuel","status":"publish","type":"page","link":"https:\/\/musco.ca\/en\/infolettre-septembre-2024-evenement-annuel\/","title":{"rendered":"Infolettre Septembre 2024"},"content":{"rendered":"<div class=\"block-background \" \n style=&quot;background-color:#E9F6FF;&quot; >\n    <span class=\"block-background__label\">Content with Musco background<\/span>\n    \n  \n    \n\n<h2><strong>Un \u00e9v\u00e9nement annuel rassembleur<\/strong><\/h2>\n\n\n\n<p>Permettant aux familles d\u2019\u00eatre inform\u00e9es et mieux outill\u00e9es&nbsp;<\/p>\n\n\n<div class=\"wp-block-image\">\n<figure class=\"alignright size-full is-resized\"><img loading=\"lazy\" src=\"https:\/\/musco.ca\/wp-content\/uploads\/2022\/10\/Collaboration-1.png\" alt=\"\" class=\"wp-image-2371\" width=\"103\" height=\"20\" srcset=\"https:\/\/musco.ca\/wp-content\/uploads\/2022\/10\/Collaboration-1.png 369w, https:\/\/musco.ca\/wp-content\/uploads\/2022\/10\/Collaboration-1-300x59.png 300w\" sizes=\"(max-width: 103px) 100vw, 103px\" \/><\/figure><\/div>\n\n<\/div>\n\n                    \n\n\n\n<div class=\"wp-block-media-text alignwide is-stacked-on-mobile\"><figure class=\"wp-block-media-text__media\"><img loading=\"lazy\" width=\"1024\" height=\"768\" src=\"https:\/\/musco.ca\/wp-content\/uploads\/2024\/09\/432974744_1466942884258980_4831294980963055905_n-1024x768.jpg\" alt=\"\" class=\"wp-image-4115 size-full\" srcset=\"https:\/\/musco.ca\/wp-content\/uploads\/2024\/09\/432974744_1466942884258980_4831294980963055905_n-1024x768.jpg 1024w, https:\/\/musco.ca\/wp-content\/uploads\/2024\/09\/432974744_1466942884258980_4831294980963055905_n-300x225.jpg 300w, https:\/\/musco.ca\/wp-content\/uploads\/2024\/09\/432974744_1466942884258980_4831294980963055905_n-768x576.jpg 768w, https:\/\/musco.ca\/wp-content\/uploads\/2024\/09\/432974744_1466942884258980_4831294980963055905_n-1536x1152.jpg 1536w, https:\/\/musco.ca\/wp-content\/uploads\/2024\/09\/432974744_1466942884258980_4831294980963055905_n.jpg 1920w\" sizes=\"(max-width: 1024px) 100vw, 1024px\" \/><\/figure><div class=\"wp-block-media-text__content\">\n<p>L\u2019\u00e9dition 2024 de l\u2019\u00e9v\u00e9nement annuel MUSCO portant sur les malformations cong\u00e9nitales des membres inf\u00e9rieurs en p\u00e9diatrie a eu lieu le 23 mars dernier et est venue s\u2019ajouter aux \u00e9ditions pr\u00e9c\u00e9dentes qui portaient toutes une th\u00e9matique diff\u00e9rente mais qui avait pour point commun d\u2019\u00eatre d\u00e9di\u00e9es enti\u00e8rement aux familles. En effet, le pari au lancement de l\u2019Initiative \u00e9tait de r\u00e9unir les expertises au b\u00e9n\u00e9fice des familles et d\u2019organiser ainsi <a href=\"https:\/\/musco.ca\/tous-les-projets\/renforcement-de-limplication-des-familles\/evenement-musco\/\" target=\"_blank\" rel=\"noreferrer noopener\">un \u00e9v\u00e9nement annuel<\/a> rassemblant \u00e0 la fois des professionnel(le)s de diff\u00e9rents secteurs et diff\u00e9rents \u00e9tablissements, des repr\u00e9sentant(e)s d\u2019organismes communautaires ainsi que des patient(e)s et familles venant t\u00e9moigner de leur v\u00e9cu. <\/p>\n\n\n\n<p>Les th\u00e9matiques suivantes ont successivement \u00e9t\u00e9 abord\u00e9es : la paralysie c\u00e9r\u00e9brale, la dysplasie osseuse, le sport adapt\u00e9 et plus r\u00e9cemment les malformations cong\u00e9nitales des membres inf\u00e9rieurs en p\u00e9diatrie<\/p>\n<\/div><\/div>\n\n\n\n<p>Cinq \u00e9ditions plus tard, les r\u00e9sultats cumul\u00e9s parlent d\u2019eux-m\u00eames :&nbsp;&nbsp;<\/p>\n\n\n\n<ul><li><strong><mark style=\"background-color:rgba(0, 0, 0, 0)\" class=\"has-inline-color has-picton-blue-color\">Pr\u00e8s de 600 participations enregistr\u00e9es<\/mark>,<\/strong> dont des familles, des proches aidants mais aussi des professionnel(le)s de tout horizon sont venus assister \u00e0 l\u2019\u00e9v\u00e9nement ;\u00a0<\/li><li><strong><mark style=\"background-color:rgba(0, 0, 0, 0)\" class=\"has-inline-color has-picton-blue-color\">Pr\u00e8s de 100 conf\u00e9rencier(e)s<\/mark><\/strong> abordant des sujets touchant \u00e0 la fois \u00e0 la sph\u00e8re m\u00e9dicale, sociale et de r\u00e9adaptation ont partag\u00e9 leur expertise ;\u00a0<\/li><li><strong><mark style=\"background-color:rgba(0, 0, 0, 0)\" class=\"has-inline-color has-picton-blue-color\">45 kiosques d\u2019organismes communautaires<\/mark><\/strong> en lien avec les diff\u00e9rentes th\u00e9matiques ont \u00e9t\u00e9 tenus ;\u00a0<\/li><li><strong><mark style=\"background-color:rgba(0, 0, 0, 0)\" class=\"has-inline-color has-picton-blue-color\">Pr\u00e8s de 70 membres de comit\u00e9<\/mark><\/strong> se sont impliqu\u00e9s au fil des ans pour b\u00e2tir des programmations riches et vari\u00e9es ;\u00a0<\/li><li>La programmation des \u00e9v\u00e9nements a obtenu<strong><mark style=\"background-color:rgba(0, 0, 0, 0)\" class=\"has-inline-color has-picton-blue-color\"> un taux moyen de satisfaction des participant(e)s de 89%<\/mark><\/strong>.\u00a0<\/li><\/ul>\n\n\n\n<p><mark style=\"background-color:rgba(0, 0, 0, 0)\" class=\"has-inline-color has-carnation-color\"><strong>Pourquoi cr\u00e9er un \u00e9v\u00e9nement pour les familles ?<\/strong>\u00a0<\/mark><\/p>\n\n\n\n<p>L\u2019objectif \u00e9tait de cr\u00e9er un moment privil\u00e9gi\u00e9 pour les familles, favorisant les \u00e9changes et permettant de diffuser les connaissances par le biais de conf\u00e9rences, d\u2019ateliers, de panels et de t\u00e9moignages. Les familles ont ainsi acc\u00e8s \u00e0 une panoplie d\u2019informations sur un sujet pr\u00e9cis et peuvent \u00eatre en contact avec une multitude d\u2019intervenant(e)s de diff\u00e9rents horizons. Ultimement, il s\u2019agit d\u2019encourager les patient(e)s et leur famille \u00e0 \u00eatre davantage mobilis\u00e9es dans leur exp\u00e9rience de soins en les outillant et en les informant sur le syst\u00e8me de sant\u00e9 et ses acteurs.\u00a0\u00a0<\/p>\n\n\n\n<p>Comme l&#8217;expliquent les deux responsable du projet, Dr Reggie Hamdy et Dr Peter Glavas, tous deux chirurgien orthop\u00e9diste p\u00e9diatrique respectivement aux H\u00f4pitaux Shriners pour enfants \u2013 Canada et au CHU Sainte-Justine :<\/p>\n\n\n\n<blockquote class=\"wp-block-quote has-text-align-right\"><p>Cr\u00e9er un \u00e9v\u00e9nement enti\u00e8rement consacr\u00e9 aux familles est une nouveaut\u00e9 dans le milieu et nous sommes tr\u00e8s heureux que le projet ait pu prendre son envol au sein de MUSCO. Nous voulions ouvrir le dialogue, rassembler des expertises pointues en un seul endroit, rassurer les familles sur certains questionnements qu\u2019elles peuvent avoir\u2026et chemin faisant nous nous sommes rendu compte que nous pouvions aussi prendre conscience nous-m\u00eames en tant que professionnel(le)s du milieu de la sant\u00e9 de ce qui compose le quotidien des familles et ce qui les pr\u00e9occupent !<\/p><\/blockquote>\n\n\n\n<p>Et de fait, les professionnel(le)s ne sont pas en reste : \u00e9tant invit\u00e9(e)s \u00e0 venir se joindre aux familles pour assister aux conf\u00e9rences, les \u00e9ditions de l\u2019\u00e9v\u00e9nement MUSCO leur permettent d\u2019\u00e9changer leurs points de vue et de b\u00e9n\u00e9ficier du partage d\u2019informations avec d\u2019autres \u00e9quipes en plus de d\u00e9couvrir les organismes \u00e0 but non lucratif \u0153uvrant dans le milieu. L\u2019un des avantages de rassembler des profils aussi divers not\u00e9 par Dr Glavas et Dr Hamdy est notamment \u00ab la collaboration et les \u00e9changes interinstitutionnels au service des patient(e)s qui peuvent petit \u00e0 petit se construire \u00bb.<\/p>\n\n\n\n<blockquote class=\"wp-block-quote has-text-align-left\"><p>[Mon objectif \u00e9tait de] mieux conna\u00eetre les diff\u00e9rentes atteintes orthop\u00e9diques. Il est tr\u00e8s difficile d&#8217;avoir plusieurs chirurgiens orthop\u00e9diques r\u00e9unis alors cet \u00e9v\u00e8nement est vraiment tr\u00e8s bien ! La proximit\u00e9 offerte lors de l&#8217;\u00e9v\u00e8nement permet \u00e9galement de cr\u00e9er des liens pour les familles ainsi que les intervenants provenant des centres des r\u00e9gions plus \u00e9loign\u00e9es. Malgr\u00e9 [le fait] que cette journ\u00e9e s&#8217;adresse aux familles, il est int\u00e9ressant [en tant que professionnel(le)] de voir comment les orthop\u00e9distes pr\u00e9sentent les atteintes aux familles.\u202f<\/p><p>Participant(e) \u00e0 l&#8217;\u00e9dition 2024 de l&#8217;\u00e9v\u00e9nement.<\/p><\/blockquote>\n\n\n\n<p><mark style=\"background-color:rgba(0, 0, 0, 0)\" class=\"has-inline-color has-carnation-color\"><strong>Un \u00e9v\u00e9nement inclusif<\/strong>\u00a0<\/mark><\/p>\n\n\n\n<div class=\"wp-block-media-text alignwide has-media-on-the-right is-stacked-on-mobile\"><figure class=\"wp-block-media-text__media\"><img loading=\"lazy\" width=\"1024\" height=\"535\" src=\"https:\/\/musco.ca\/wp-content\/uploads\/2024\/09\/Evenement-MUSCO-2024-videos-disponibles-1024x535.png\" alt=\"\" class=\"wp-image-4117 size-full\" srcset=\"https:\/\/musco.ca\/wp-content\/uploads\/2024\/09\/Evenement-MUSCO-2024-videos-disponibles-1024x535.png 1024w, https:\/\/musco.ca\/wp-content\/uploads\/2024\/09\/Evenement-MUSCO-2024-videos-disponibles-300x157.png 300w, https:\/\/musco.ca\/wp-content\/uploads\/2024\/09\/Evenement-MUSCO-2024-videos-disponibles-768x401.png 768w, https:\/\/musco.ca\/wp-content\/uploads\/2024\/09\/Evenement-MUSCO-2024-videos-disponibles.png 1200w\" sizes=\"(max-width: 1024px) 100vw, 1024px\" \/><\/figure><div class=\"wp-block-media-text__content\">\n<p>L\u2019\u00e9v\u00e9nement MUSCO se veut accessible pour toutes et tous, raison pour laquelle il est enti\u00e8rement gratuit. De plus, un service de garde pour les enfants ayant des conditions complexes et pour la fratrie est disponible \u00e0 chaque \u00e9dition organis\u00e9e en pr\u00e9sentiel, pour permettre aux parents d\u2019assister en toute tranquillit\u00e9 aux activit\u00e9s. D\u2019ailleurs, le samedi a depuis toujours \u00e9t\u00e9 la journ\u00e9e de pr\u00e9dilection pour tenir l\u2019\u00e9v\u00e9nement, choisi sp\u00e9cifiquement pour faciliter la venue des familles dont les journ\u00e9es en semaine sont souvent tr\u00e8s occup\u00e9es avec les visites dans les diff\u00e9rents centres et confort\u00e9 lors des sondages post \u00e9v\u00e9nement. De plus, la journ\u00e9e est organis\u00e9e en mode hybride depuis la pand\u00e9mie et les vid\u00e9os des conf\u00e9rences sont rediffus\u00e9es sur le site Internet de MUSCO, dans la section <a href=\"https:\/\/musco.ca\/ressources\/videos\/\" target=\"_blank\" rel=\"noreferrer noopener\">Ressources<\/a>.<\/p>\n<\/div><\/div>\n\n\n\n<p>Durant cet \u00e9v\u00e9nement, les \u00e9changes peuvent prendre diff\u00e9rentes formes: que ce soit au travers de courts formats de conf\u00e9rences de 10 \u00e0 20 minutes, de forums et de panels rassemblant plusieurs expert(e)s sur la th\u00e9matique choisie ou encore lors de la visite des kiosques d\u2019informations&#8230; mais l\u2019\u00e9l\u00e9ment cl\u00e9 a toujours \u00e9t\u00e9 de rassembler des interlocuteur(trice)s d\u2019horizons divers issus autant des centres partenaires que d\u2019organismes d\u00e9tenant une solide expertise en lien avec les diagnostics et conditions abord\u00e9s. En outre en 2023, le concept d\u2019invit\u00e9(e)s d\u2019honneur t\u00e9moignant de leur propre exp\u00e9rience avec leur condition a \u00e9t\u00e9 introduit, dans l\u2019objectif d\u2019inspirer l\u2019auditoire. Depuis, ce sont une dizaine d\u2019invit\u00e9(e)s qui ont offert leur perspective et touch\u00e9 le c\u0153ur des participant(e)s.\u00a0<\/p>\n\n\n\n<p><mark style=\"background-color:rgba(0, 0, 0, 0)\" class=\"has-inline-color has-picton-blue-color\"><em>Pour la derni\u00e8re \u00e9dition qui sera organis\u00e9e au sein de l\u2019Initiative MUSCO, l\u2019\u00e9v\u00e9nement portera sur le rachis et se tiendra au printemps 2025. Fort est \u00e0 parier que le comit\u00e9 qui sera r\u00e9uni pour l\u2019occasion mettra sur pied une nouvelle programmation aussi captivante que les ann\u00e9es pr\u00e9c\u00e9dentes.<\/em>\u00a0<\/mark><\/p>\n","protected":false},"excerpt":{"rendered":"<p>L\u2019\u00e9dition 2024 de l\u2019\u00e9v\u00e9nement annuel MUSCO portant sur les malformations cong\u00e9nitales des membres inf\u00e9rieurs en p\u00e9diatrie a eu lieu le 23 mars dernier et est venue s\u2019ajouter aux \u00e9ditions pr\u00e9c\u00e9dentes qui portaient toutes une th\u00e9matique diff\u00e9rente mais qui avait pour point commun d\u2019\u00eatre d\u00e9di\u00e9es enti\u00e8rement aux familles. En effet, le pari au lancement de l\u2019Initiative &hellip; <a href=\"https:\/\/musco.ca\/en\/infolettre-septembre-2024-evenement-annuel\/\">Continued<\/a><\/p>\n","protected":false},"author":4,"featured_media":4115,"parent":0,"menu_order":0,"comment_status":"closed","ping_status":"closed","template":"","meta":{"_relevanssi_hide_post":"","_relevanssi_hide_content":"","_relevanssi_pin_for_all":"","_relevanssi_pin_keywords":"","_relevanssi_unpin_keywords":"","_relevanssi_related_keywords":"","_relevanssi_related_include_ids":"","_relevanssi_related_exclude_ids":"","_relevanssi_related_no_append":"","_relevanssi_related_not_related":"","_relevanssi_related_posts":"4038","_relevanssi_noindex_reason":""},"_links":{"self":[{"href":"https:\/\/musco.ca\/en\/wp-json\/wp\/v2\/pages\/4113"}],"collection":[{"href":"https:\/\/musco.ca\/en\/wp-json\/wp\/v2\/pages"}],"about":[{"href":"https:\/\/musco.ca\/en\/wp-json\/wp\/v2\/types\/page"}],"author":[{"embeddable":true,"href":"https:\/\/musco.ca\/en\/wp-json\/wp\/v2\/users\/4"}],"replies":[{"embeddable":true,"href":"https:\/\/musco.ca\/en\/wp-json\/wp\/v2\/comments?post=4113"}],"version-history":[{"count":8,"href":"https:\/\/musco.ca\/en\/wp-json\/wp\/v2\/pages\/4113\/revisions"}],"predecessor-version":[{"id":4254,"href":"https:\/\/musco.ca\/en\/wp-json\/wp\/v2\/pages\/4113\/revisions\/4254"}],"wp:featuredmedia":[{"embeddable":true,"href":"https:\/\/musco.ca\/en\/wp-json\/wp\/v2\/media\/4115"}],"wp:attachment":[{"href":"https:\/\/musco.ca\/en\/wp-json\/wp\/v2\/media?parent=4113"}],"curies":[{"name":"wp","href":"https:\/\/api.w.org\/{rel}","templated":true}]}}